{"id":246,"date":"2013-05-15T15:04:30","date_gmt":"2013-05-15T15:04:30","guid":{"rendered":"https:\/\/www.conventsag.be\/?page_id=246"},"modified":"2014-03-25T09:02:23","modified_gmt":"2014-03-25T09:02:23","slug":"batiments-prives","status":"publish","type":"page","link":"https:\/\/www.conventsag.be\/fr\/batiments-prives\/","title":{"rendered":"B\u00e2timents priv\u00e9s"},"content":{"rendered":"<p>Nous vous garantissons un conseil et un encadrement comp\u00e9tents pendant la phase de planification et de construction.<\/p>\n","protected":false},"excerpt":{"rendered":"<p>Nous vous garantissons un conseil et un encadrement comp\u00e9tents pendant la phase de planification et de construction.<\/p>\n","protected":false},"author":1,"featured_media":0,"parent":0,"menu_order":20,"comment_status":"closed","ping_status":"closed","template":"privatbauten.php","meta":[],"acf":[],"_links":{"self":[{"href":"https:\/\/www.conventsag.be\/fr\/wp-json\/wp\/v2\/pages\/246"}],"collection":[{"href":"https:\/\/www.conventsag.be\/fr\/wp-json\/wp\/v2\/pages"}],"about":[{"href":"https:\/\/www.conventsag.be\/fr\/wp-json\/wp\/v2\/types\/page"}],"author":[{"embeddable":true,"href":"https:\/\/www.conventsag.be\/fr\/wp-json\/wp\/v2\/users\/1"}],"replies":[{"embeddable":true,"href":"https:\/\/www.conventsag.be\/fr\/wp-json\/wp\/v2\/comments?post=246"}],"version-history":[{"count":3,"href":"https:\/\/www.conventsag.be\/fr\/wp-json\/wp\/v2\/pages\/246\/revisions"}],"predecessor-version":[{"id":813,"href":"https:\/\/www.conventsag.be\/fr\/wp-json\/wp\/v2\/pages\/246\/revisions\/813"}],"wp:attachment":[{"href":"https:\/\/www.conventsag.be\/fr\/wp-json\/wp\/v2\/media?parent=246"}],"curies":[{"name":"wp","href":"https:\/\/api.w.org\/{rel}","templated":true}]}}