{"id":774,"date":"2014-03-24T15:39:41","date_gmt":"2014-03-24T15:39:41","guid":{"rendered":"https:\/\/www.conventsag.be\/?page_id=774"},"modified":"2024-09-18T11:34:14","modified_gmt":"2024-09-18T11:34:14","slug":"entreprise","status":"publish","type":"page","link":"https:\/\/www.conventsag.be\/fr\/entreprise\/","title":{"rendered":"Entreprise"},"content":{"rendered":"<h2>Histoire<\/h2>\n<p>Apr\u00e8s avoir termin\u00e9 ses \u00e9tudes d&rsquo;ing\u00e9nieur \u00e0 Aix-la-Chapelle, Jean CONVENTS accumule plusieurs ann\u00e9es d&rsquo;exp\u00e9rience dans diverses entreprises de construction m\u00e9tallique avant de fonder sa propre soci\u00e9t\u00e9 de construction le 25\/10\/1933 \u00e0 Eupen.<\/p>\n<p>Au d\u00e9but, la soci\u00e9t\u00e9 est principalement active dans le secteur priv\u00e9 ainsi que dans la promotion immobili\u00e8re, mais \u00e9tend rapidement ses activit\u00e9s aux travaux publics. Le nombre de travailleurs augmente jusqu&rsquo;au d\u00e9but de la guerre, pour atteindre un effectif de 30 personnes.<\/p>\n<p>En 1964, lorsque Herbert Convents entre dans l&rsquo;entreprise paternelle apr\u00e8s ses \u00e9tudes d&rsquo;ing\u00e9nieur civil \u00e0 Aix-la-Chapelle la soci\u00e9t\u00e9 emploie 15 personnes. D\u00e8s l\u2019arriv\u00e9e de son fils, Jean Convents se retire successivement des affaires. En 1966 Herbert reprend la direction de l&rsquo;entreprise et la d\u00e9veloppe constamment gr\u00e2ce au soutien actif de son \u00e9pouse Rita.<\/p>\n<ul id='gallery-1' class='gallery galleryid-774'><li class='gallery-item col-4 first'><figure class='gallery-icon'><a href='https:\/\/conventsag.be\/wp-content\/uploads\/2013\/05\/Herbert-Convents.jpg'><img width=\"150\" height=\"150\" src=\"https:\/\/conventsag.be\/wp-content\/uploads\/2013\/05\/Herbert-Convents-150x150.jpg\" class=\"attachment-thumbnail size-thumbnail\" alt=\"\" decoding=\"async\" loading=\"lazy\" \/><\/a><\/figure><\/li><li class='gallery-item col-4 '><figure class='gallery-icon'><a href='https:\/\/conventsag.be\/wp-content\/uploads\/2013\/05\/Auszug-Handelsregister.jpg'><img width=\"150\" height=\"150\" src=\"https:\/\/conventsag.be\/wp-content\/uploads\/2013\/05\/Auszug-Handelsregister-150x150.jpg\" class=\"attachment-thumbnail size-thumbnail\" alt=\"\" decoding=\"async\" loading=\"lazy\" \/><\/a><\/figure><\/li><li class='gallery-item col-4 '><figure class='gallery-icon'><a href='https:\/\/conventsag.be\/wp-content\/uploads\/2013\/05\/Convents.jpg'><img width=\"150\" height=\"150\" src=\"https:\/\/conventsag.be\/wp-content\/uploads\/2013\/05\/Convents-150x150.jpg\" class=\"attachment-thumbnail size-thumbnail\" alt=\"\" decoding=\"async\" loading=\"lazy\" \/><\/a><\/figure><\/li><li class='gallery-item col-4 last'><figure class='gallery-icon'><a href='https:\/\/conventsag.be\/wp-content\/uploads\/2013\/05\/aktie.jpg'><img width=\"150\" height=\"150\" src=\"https:\/\/conventsag.be\/wp-content\/uploads\/2013\/05\/aktie-150x150.jpg\" class=\"attachment-thumbnail size-thumbnail\" alt=\"\" decoding=\"async\" loading=\"lazy\" \/><\/a><\/figure><\/li><\/ul>\n\n<p>Jusqu&rsquo;au milieu des ann\u00e9es 80, les activit\u00e9s de l\u2019entreprise se concentrent principalement sur le secteur public. La soci\u00e9t\u00e9 ex\u00e9cute de gros chantiers pour diff\u00e9rentes soci\u00e9t\u00e9s collectives de logements dans toute la province, mais aussi des \u00e9coles, des maisons de retraite et des b\u00e2timents administratifs.<\/p>\n<p>Pour faire face au volume de travail, la premi\u00e8re employ\u00e9e de bureau est embauch\u00e9e en 1969 et le premier conducteur de chantiers en 1972.<\/p>\n<p>D\u00e8s le d\u00e9but des ann\u00e9es 70, la soci\u00e9t\u00e9 Convents se forge \u00e9galement une r\u00e9putation de partenaire fiable aupr\u00e8s des entreprises industrielles locales et \u00e9rige de nombreux b\u00e2timents de production, entrep\u00f4ts et immeubles de bureaux.<\/p>\n<p>Parall\u00e8lement, la soci\u00e9t\u00e9 intensifie son activit\u00e9 de promoteur immobilier. Plusieurs lotissements sont d\u00e9velopp\u00e9s et de nombreux immeubles \u00e0 appartements sont \u00e9rig\u00e9s. Afin d&rsquo;am\u00e9liorer la commercialisation de ces projets, Rita et Herbert Convents fondent en 1988 la soci\u00e9t\u00e9 immobili\u00e8re Copabat SA qui est dirig\u00e9e par leur fille a\u00een\u00e9e, Petra.<\/p>\n<p>En 1978, la soci\u00e9t\u00e9 Jean Convents sprl est cr\u00e9\u00e9e ; elle est transform\u00e9e en soci\u00e9t\u00e9 anonyme en 1995.<\/p>\n<p><a href=\"https:\/\/conventsag.be\/wp-content\/uploads\/2024\/09\/Logo-BCCA.jpg\"><img decoding=\"async\" loading=\"lazy\" class=\"wp-image-1238  alignleft\" src=\"https:\/\/conventsag.be\/wp-content\/uploads\/2024\/09\/Logo-BCCA-300x300.jpg\" alt=\"\" width=\"227\" height=\"227\" srcset=\"https:\/\/conventsag.be\/wp-content\/uploads\/2024\/09\/Logo-BCCA-300x300.jpg 300w, https:\/\/conventsag.be\/wp-content\/uploads\/2024\/09\/Logo-BCCA-1024x1024.jpg 1024w, https:\/\/conventsag.be\/wp-content\/uploads\/2024\/09\/Logo-BCCA-150x150.jpg 150w, https:\/\/conventsag.be\/wp-content\/uploads\/2024\/09\/Logo-BCCA-768x768.jpg 768w, https:\/\/conventsag.be\/wp-content\/uploads\/2024\/09\/Logo-BCCA-1536x1536.jpg 1536w, https:\/\/conventsag.be\/wp-content\/uploads\/2024\/09\/Logo-BCCA-420x420.jpg 420w, https:\/\/conventsag.be\/wp-content\/uploads\/2024\/09\/Logo-BCCA.jpg 1698w\" sizes=\"(max-width: 227px) 100vw, 227px\" \/><\/a><\/p>\n<p>En 2000, la Jean Convents SA est la premi\u00e8re entreprise de construction de la Communaut\u00e9 germanophone \u00e0 \u00eatre certifi\u00e9e ISO 9002 en 2000, puis ISO 9001. Astrid Convents, la deuxi\u00e8me fille de Herbert et Rita, ing\u00e9nieur civil comme son p\u00e8re et son grand-p\u00e8re, travaille dans l&rsquo;entreprise depuis 2000. D\u00e9but 2004, elle est d\u00e9sign\u00e9e comme g\u00e9rante. Elle peut toujours compter sur la longue et pr\u00e9cieuse exp\u00e9rience de ses parents.<\/p>\n<p>Aujourd&rsquo;hui, l&rsquo;entreprise emploie 8 employ\u00e9s et 45 ma\u00e7ons, plafonneurs et carreleurs. A l&rsquo;occasion de son 80\u00e8me anniversaire, la soci\u00e9t\u00e9 a emm\u00e9nag\u00e9 dans son nouvel et spacieux entrep\u00f4t situ\u00e9 dans le zoning industriel d\u2019Eupen.<\/p>\n<h2>Comp\u00e9tences<\/h2>\n<h3>Comp\u00e9tence professionnelle et 80 ann\u00e9es d\u2019exp\u00e9rience : notre force pour vos projets<\/h3>\n<p>En tant qu&rsquo;entreprise g\u00e9n\u00e9rale, nous travaillons pour l&rsquo;industrie, le commerce, les administrations publiques ainsi que les clients priv\u00e9s.<\/p>\n<p>Nos services s&rsquo;\u00e9tendent du conseil comp\u00e9tent pendant la phase de planification \u00e0 l&rsquo;ex\u00e9cution cl\u00e9 en main d&rsquo;ouvrages en coop\u00e9ration avec des sous-traitants fiables de la r\u00e9gion, en passant par l&rsquo;\u00e9rection du gros-\u0153uvre en \u0153uvre propre. Outre les nouvelles constructions de tous types, la transformation et la r\u00e9novation\/restauration d&rsquo;immeubles existants viennent compl\u00e9ter notre domaine d&rsquo;activit\u00e9s.<\/p>\n<ul id='gallery-2' class='gallery galleryid-774'><li class='gallery-item col-4 first'><figure class='gallery-icon'><a href='https:\/\/conventsag.be\/wp-content\/uploads\/2014\/02\/Convents-23.jpg'><img width=\"150\" height=\"150\" src=\"https:\/\/conventsag.be\/wp-content\/uploads\/2014\/02\/Convents-23-150x150.jpg\" class=\"attachment-thumbnail size-thumbnail\" alt=\"\" decoding=\"async\" loading=\"lazy\" \/><\/a><\/figure><\/li><li class='gallery-item col-4 '><figure class='gallery-icon'><a href='https:\/\/conventsag.be\/wp-content\/uploads\/2013\/05\/Convents-12.jpg'><img width=\"150\" height=\"150\" src=\"https:\/\/conventsag.be\/wp-content\/uploads\/2013\/05\/Convents-12-150x150.jpg\" class=\"attachment-thumbnail size-thumbnail\" alt=\"\" decoding=\"async\" loading=\"lazy\" \/><\/a><\/figure><\/li><li class='gallery-item col-4 '><figure class='gallery-icon'><a href='https:\/\/conventsag.be\/wp-content\/uploads\/2014\/02\/Convents-10.jpg'><img width=\"150\" height=\"150\" src=\"https:\/\/conventsag.be\/wp-content\/uploads\/2014\/02\/Convents-10-150x150.jpg\" class=\"attachment-thumbnail size-thumbnail\" alt=\"\" decoding=\"async\" loading=\"lazy\" \/><\/a><\/figure><\/li><li class='gallery-item col-4 last'><figure class='gallery-icon'><a href='https:\/\/conventsag.be\/wp-content\/uploads\/2013\/05\/jose.jpg'><img width=\"150\" height=\"150\" src=\"https:\/\/conventsag.be\/wp-content\/uploads\/2013\/05\/jose-150x150.jpg\" class=\"attachment-thumbnail size-thumbnail\" alt=\"\" decoding=\"async\" loading=\"lazy\" \/><\/a><\/figure><\/li><\/ul>\n\n<p>De plus, nous d\u00e9veloppons et r\u00e9alisons, en tant que promoteur immobilier, des lotissements ainsi que des maisons priv\u00e9es et des immeubles \u00e0 appartements.<\/p>\n<p>Gr\u00e2ce \u00e0 nos exigences \u00e9lev\u00e9es en termes de qualit\u00e9, \u00e0 notre flexibilit\u00e9 et notre souci du client ainsi qu&rsquo;au respect des budgets et des d\u00e9lais, nous nous sommes impos\u00e9s comme un partenaire fiable aupr\u00e8s de nos clients.<\/p>\n<p>Les clients satisfaits sont notre meilleure publicit\u00e9, et ce, depuis 80 ans d\u00e9j\u00e0 !<\/p>\n<h2>Philosophie \/ Valeurs<\/h2>\n<h3>Tendre vers une qualit\u00e9 optimale est une priorit\u00e9 pour la Jean Convents AG. Chaque client peut \u00eatre assur\u00e9 que nous mettons tout en \u0153uvre pour r\u00e9pondre \u00e0 ses attentes, du conseil sp\u00e9cialis\u00e9 aux aspects d\u00e9cisifs du respect des d\u00e9lais et des co\u00fbts, en passant par la r\u00e9alisation pr\u00e9cise des exigences de qualit\u00e9.<\/h3>\n<p>Si, malgr\u00e9 tout, des d\u00e9fauts ou des probl\u00e8mes se pr\u00e9sentent, nous en assumons bien s\u00fbr la responsabilit\u00e9 et y rem\u00e9dions.<\/p>\n<p>La satisfaction des clients est pour nous de la plus haute importance, car seul un client satisfait fera de nouveau appel \u00e0 nous ou nous recommandera \u00e0 ses amis et connaissances.<\/p>\n<ul id='gallery-3' class='gallery galleryid-774'><li class='gallery-item col-4 first'><figure class='gallery-icon'><a href='https:\/\/conventsag.be\/wp-content\/uploads\/2014\/02\/Convents-3.jpg'><img width=\"150\" height=\"150\" src=\"https:\/\/conventsag.be\/wp-content\/uploads\/2014\/02\/Convents-3-150x150.jpg\" class=\"attachment-thumbnail size-thumbnail\" alt=\"\" decoding=\"async\" loading=\"lazy\" \/><\/a><\/figure><\/li><li class='gallery-item col-4 '><figure class='gallery-icon'><a href='https:\/\/conventsag.be\/wp-content\/uploads\/2014\/02\/Convents-5.jpg'><img width=\"150\" height=\"150\" src=\"https:\/\/conventsag.be\/wp-content\/uploads\/2014\/02\/Convents-5-150x150.jpg\" class=\"attachment-thumbnail size-thumbnail\" alt=\"\" decoding=\"async\" loading=\"lazy\" \/><\/a><\/figure><\/li><li class='gallery-item col-4 '><figure class='gallery-icon'><a href='https:\/\/conventsag.be\/wp-content\/uploads\/2014\/02\/Convents-16.jpg'><img width=\"150\" height=\"150\" src=\"https:\/\/conventsag.be\/wp-content\/uploads\/2014\/02\/Convents-16-150x150.jpg\" class=\"attachment-thumbnail size-thumbnail\" alt=\"\" decoding=\"async\" loading=\"lazy\" \/><\/a><\/figure><\/li><li class='gallery-item col-4 last'><figure class='gallery-icon'><a href='https:\/\/conventsag.be\/wp-content\/uploads\/2014\/02\/Convents-19.jpg'><img width=\"150\" height=\"150\" src=\"https:\/\/conventsag.be\/wp-content\/uploads\/2014\/02\/Convents-19-150x150.jpg\" class=\"attachment-thumbnail size-thumbnail\" alt=\"\" decoding=\"async\" loading=\"lazy\" \/><\/a><\/figure><\/li><\/ul>\n\n<p>C\u2019est pourquoi nous privil\u00e9gions les engagements de qualit\u00e9 et sur le long terme, pas seulement avec nos clients, mais aussi avec les architectes, les ing\u00e9nieurs, les sous-traitants et les fournisseurs.<\/p>\n<p>Notre crit\u00e8re de choix est la fiabilit\u00e9 et l\u2019application des m\u00eames exigences de qualit\u00e9 que celles de notre entreprise.<\/p>\n","protected":false},"excerpt":{"rendered":"<p>Histoire Apr\u00e8s avoir termin\u00e9 ses \u00e9tudes d&rsquo;ing\u00e9nieur \u00e0 Aix-la-Chapelle, Jean CONVENTS accumule plusieurs ann\u00e9es d&rsquo;exp\u00e9rience dans diverses entreprises de construction m\u00e9tallique avant de fonder sa propre soci\u00e9t\u00e9 de construction le 25\/10\/1933 \u00e0 Eupen. Au d\u00e9but, la soci\u00e9t\u00e9 est principalement active dans le secteur priv\u00e9 ainsi que dans la promotion immobili\u00e8re, mais \u00e9tend rapidement ses activit\u00e9s [&hellip;]<\/p>\n","protected":false},"author":1,"featured_media":0,"parent":0,"menu_order":50,"comment_status":"closed","ping_status":"closed","template":"","meta":[],"acf":[],"_links":{"self":[{"href":"https:\/\/www.conventsag.be\/fr\/wp-json\/wp\/v2\/pages\/774"}],"collection":[{"href":"https:\/\/www.conventsag.be\/fr\/wp-json\/wp\/v2\/pages"}],"about":[{"href":"https:\/\/www.conventsag.be\/fr\/wp-json\/wp\/v2\/types\/page"}],"author":[{"embeddable":true,"href":"https:\/\/www.conventsag.be\/fr\/wp-json\/wp\/v2\/users\/1"}],"replies":[{"embeddable":true,"href":"https:\/\/www.conventsag.be\/fr\/wp-json\/wp\/v2\/comments?post=774"}],"version-history":[{"count":14,"href":"https:\/\/www.conventsag.be\/fr\/wp-json\/wp\/v2\/pages\/774\/revisions"}],"predecessor-version":[{"id":1241,"href":"https:\/\/www.conventsag.be\/fr\/wp-json\/wp\/v2\/pages\/774\/revisions\/1241"}],"wp:attachment":[{"href":"https:\/\/www.conventsag.be\/fr\/wp-json\/wp\/v2\/media?parent=774"}],"curies":[{"name":"wp","href":"https:\/\/api.w.org\/{rel}","templated":true}]}}