{"id":777,"date":"2014-03-24T15:43:14","date_gmt":"2014-03-24T15:43:14","guid":{"rendered":"https:\/\/www.conventsag.be\/?page_id=777"},"modified":"2014-03-25T15:31:36","modified_gmt":"2014-03-25T15:31:36","slug":"travaux-publics","status":"publish","type":"page","link":"https:\/\/www.conventsag.be\/fr\/travaux-publics\/","title":{"rendered":"Travaux publics"},"content":{"rendered":"<p>Nous avons construit des \u00e9coles, des logements sociaux ainsi que des institutions de soins et des b\u00e2timents administratifs sur tout le territoire de la province de Li\u00e8ge \u00e0 la totale satisfaction de nos clients.<\/p>\n<p>Pour la r\u00e9alisation de travaux publics l\u2019entreprise dispose des agr\u00e9ations suivantes\u00a0:<\/p>\n<ul>\n<li>Cat\u00e9gorie D &#8211; D1 &#8211; Classe 6<\/li>\n<li>Cat\u00e9gorie E &#8211; E1 &#8211; Classe 5<\/li>\n<li>Cat\u00e9gorie G &#8211; Classe 3<\/li>\n<\/ul>\n","protected":false},"excerpt":{"rendered":"<p>Nous avons construit des \u00e9coles, des logements sociaux ainsi que des institutions de soins et des b\u00e2timents administratifs sur tout le territoire de la province de Li\u00e8ge \u00e0 la totale satisfaction de nos clients. Pour la r\u00e9alisation de travaux publics l\u2019entreprise dispose des agr\u00e9ations suivantes\u00a0: Cat\u00e9gorie D &#8211; D1 &#8211; Classe 6 Cat\u00e9gorie E &#8211; [&hellip;]<\/p>\n","protected":false},"author":1,"featured_media":0,"parent":0,"menu_order":40,"comment_status":"closed","ping_status":"closed","template":"oeffentlich.php","meta":[],"acf":[],"_links":{"self":[{"href":"https:\/\/www.conventsag.be\/fr\/wp-json\/wp\/v2\/pages\/777"}],"collection":[{"href":"https:\/\/www.conventsag.be\/fr\/wp-json\/wp\/v2\/pages"}],"about":[{"href":"https:\/\/www.conventsag.be\/fr\/wp-json\/wp\/v2\/types\/page"}],"author":[{"embeddable":true,"href":"https:\/\/www.conventsag.be\/fr\/wp-json\/wp\/v2\/users\/1"}],"replies":[{"embeddable":true,"href":"https:\/\/www.conventsag.be\/fr\/wp-json\/wp\/v2\/comments?post=777"}],"version-history":[{"count":4,"href":"https:\/\/www.conventsag.be\/fr\/wp-json\/wp\/v2\/pages\/777\/revisions"}],"predecessor-version":[{"id":824,"href":"https:\/\/www.conventsag.be\/fr\/wp-json\/wp\/v2\/pages\/777\/revisions\/824"}],"wp:attachment":[{"href":"https:\/\/www.conventsag.be\/fr\/wp-json\/wp\/v2\/media?parent=777"}],"curies":[{"name":"wp","href":"https:\/\/api.w.org\/{rel}","templated":true}]}}