{"id":779,"date":"2014-03-24T15:43:47","date_gmt":"2014-03-24T15:43:47","guid":{"rendered":"https:\/\/www.conventsag.be\/?page_id=779"},"modified":"2014-03-25T09:02:47","modified_gmt":"2014-03-25T09:02:47","slug":"industrie-et-commerce","status":"publish","type":"page","link":"https:\/\/www.conventsag.be\/fr\/industrie-et-commerce\/","title":{"rendered":"Industrie et commerce"},"content":{"rendered":"<p>Nous r\u00e9alisons vos immeubles de bureaux, vos ateliers de production et entrep\u00f4ts de toutes tailles selon vos desiderata et besoins, suivant un mode de construction traditionnel ou avec des \u00e9l\u00e9ments pr\u00e9fabriqu\u00e9s tels que des structures en b\u00e9ton, en bois ou en acier avec des rev\u00eatements de fa\u00e7ade de tout type. Nos prestations comprennent \u00e9galement les fondations de machine avec des hautes exigences de pr\u00e9cision.<\/p>\n","protected":false},"excerpt":{"rendered":"<p>Nous r\u00e9alisons vos immeubles de bureaux, vos ateliers de production et entrep\u00f4ts de toutes tailles selon vos desiderata et besoins, suivant un mode de construction traditionnel ou avec des \u00e9l\u00e9ments pr\u00e9fabriqu\u00e9s tels que des structures en b\u00e9ton, en bois ou en acier avec des rev\u00eatements de fa\u00e7ade de tout type. Nos prestations comprennent \u00e9galement les [&hellip;]<\/p>\n","protected":false},"author":1,"featured_media":0,"parent":0,"menu_order":30,"comment_status":"closed","ping_status":"closed","template":"gewerbe.php","meta":[],"acf":[],"_links":{"self":[{"href":"https:\/\/www.conventsag.be\/fr\/wp-json\/wp\/v2\/pages\/779"}],"collection":[{"href":"https:\/\/www.conventsag.be\/fr\/wp-json\/wp\/v2\/pages"}],"about":[{"href":"https:\/\/www.conventsag.be\/fr\/wp-json\/wp\/v2\/types\/page"}],"author":[{"embeddable":true,"href":"https:\/\/www.conventsag.be\/fr\/wp-json\/wp\/v2\/users\/1"}],"replies":[{"embeddable":true,"href":"https:\/\/www.conventsag.be\/fr\/wp-json\/wp\/v2\/comments?post=779"}],"version-history":[{"count":3,"href":"https:\/\/www.conventsag.be\/fr\/wp-json\/wp\/v2\/pages\/779\/revisions"}],"predecessor-version":[{"id":814,"href":"https:\/\/www.conventsag.be\/fr\/wp-json\/wp\/v2\/pages\/779\/revisions\/814"}],"wp:attachment":[{"href":"https:\/\/www.conventsag.be\/fr\/wp-json\/wp\/v2\/media?parent=779"}],"curies":[{"name":"wp","href":"https:\/\/api.w.org\/{rel}","templated":true}]}}