{"id":781,"date":"2013-05-02T15:05:46","date_gmt":"2013-05-02T15:05:46","guid":{"rendered":"https:\/\/www.conventsag.be\/?page_id=781"},"modified":"2014-03-25T15:30:42","modified_gmt":"2014-03-25T15:30:42","slug":"nos-propres-projets","status":"publish","type":"page","link":"https:\/\/www.conventsag.be\/fr\/nos-propres-projets\/","title":{"rendered":"Nos propres projets"},"content":{"rendered":"<p>Depuis de nombreuses ann\u00e9es le d\u00e9veloppement de projets de promotion immobili\u00e8re compte parmi les activit\u00e9s de la SA Convents.<\/p>\n<p>De la s\u00e9lection de terrains ad\u00e9quats en fonction de leur orientation et situation jusqu\u2019\u00e0 la r\u00e9alisation et livraison cl\u00e9 en main en passant par la planification en tenant compte des normes en vigueur les plus rigoureuses en terme d\u2019isolation thermique et acoustique nous sommes anim\u00e9s par le soucis de satisfaire les attentes de nos clients quant \u00e0 la qualit\u00e9 et le confort de leur nouveau logement.<\/p>\n<p>Nous pouvons vous proposer un large choix de maisons cl\u00e9 sur porte dans nos lotissements ainsi que d&rsquo;appartements dans des immeubles \u00e0 appartements.<\/p>\n<p>Renseignez-vous sans engagement aupr\u00e8s de notre partenaire Copabat SA.<\/p>\n<p><img decoding=\"async\" loading=\"lazy\" class=\"alignleft size-full wp-image-276\" alt=\"copabat_logo\" src=\"https:\/\/www.conventsag.be\/wp-content\/uploads\/2013\/05\/copabat_logo.png\" width=\"272\" height=\"74\" \/><\/p>\n<ul class=\"copabat\">\n<li>Rathausplatz 3<\/li>\n<li>4700 Eupen, Belgique<\/li>\n<li>T\u00e9l.: 087 56 14 14<\/li>\n<li>Fax: 087 74 38 38<\/li>\n<li><a href=\"http:\/\/www.immoweb.be\/fr\/copabat-sa-agence-immobiliere.htm?typemot=age&amp;idclient=2343\" target=\"_blank\">Site web<\/a><\/li>\n<\/ul>\n","protected":false},"excerpt":{"rendered":"<p>Depuis de nombreuses ann\u00e9es le d\u00e9veloppement de projets de promotion immobili\u00e8re compte parmi les activit\u00e9s de la SA Convents. De la s\u00e9lection de terrains ad\u00e9quats en fonction de leur orientation et situation jusqu\u2019\u00e0 la r\u00e9alisation et livraison cl\u00e9 en main en passant par la planification en tenant compte des normes en vigueur les plus rigoureuses [&hellip;]<\/p>\n","protected":false},"author":1,"featured_media":0,"parent":0,"menu_order":10,"comment_status":"closed","ping_status":"closed","template":"eigene-projekte.php","meta":[],"acf":[],"_links":{"self":[{"href":"https:\/\/www.conventsag.be\/fr\/wp-json\/wp\/v2\/pages\/781"}],"collection":[{"href":"https:\/\/www.conventsag.be\/fr\/wp-json\/wp\/v2\/pages"}],"about":[{"href":"https:\/\/www.conventsag.be\/fr\/wp-json\/wp\/v2\/types\/page"}],"author":[{"embeddable":true,"href":"https:\/\/www.conventsag.be\/fr\/wp-json\/wp\/v2\/users\/1"}],"replies":[{"embeddable":true,"href":"https:\/\/www.conventsag.be\/fr\/wp-json\/wp\/v2\/comments?post=781"}],"version-history":[{"count":5,"href":"https:\/\/www.conventsag.be\/fr\/wp-json\/wp\/v2\/pages\/781\/revisions"}],"predecessor-version":[{"id":823,"href":"https:\/\/www.conventsag.be\/fr\/wp-json\/wp\/v2\/pages\/781\/revisions\/823"}],"wp:attachment":[{"href":"https:\/\/www.conventsag.be\/fr\/wp-json\/wp\/v2\/media?parent=781"}],"curies":[{"name":"wp","href":"https:\/\/api.w.org\/{rel}","templated":true}]}}